{"id":4233,"date":"2025-04-26T21:17:27","date_gmt":"2025-04-27T01:17:27","guid":{"rendered":"https:\/\/fim7p3z92e.onrocket.site\/?page_id=4233"},"modified":"2025-07-04T17:27:07","modified_gmt":"2025-07-04T17:27:07","slug":"hyperphagie","status":"publish","type":"page","link":"https:\/\/sooma.ca\/fr\/expertise\/troubles-alimentaires\/hyperphagie\/","title":{"rendered":"Hyperphagie"},"content":{"rendered":"\t\t<div data-elementor-type=\"wp-page\" data-elementor-id=\"4233\" class=\"elementor elementor-4233 elementor-1836\" data-elementor-post-type=\"page\">\n\t\t\t\t<div class=\"elementor-element elementor-element-59ffcf88 e-flex e-con-boxed e-con e-parent\" data-id=\"59ffcf88\" data-element_type=\"container\" data-e-type=\"container\" data-settings=\"{&quot;background_background&quot;:&quot;classic&quot;}\">\n\t\t\t\t\t<div class=\"e-con-inner\">\n\t\t<div class=\"elementor-element elementor-element-37461396 e-con-full e-flex e-con e-child\" data-id=\"37461396\" data-element_type=\"container\" data-e-type=\"container\">\n\t\t\t\t<div class=\"elementor-element elementor-element-d8da89d elementor-invisible elementor-widget elementor-widget-heading\" data-id=\"d8da89d\" data-element_type=\"widget\" data-e-type=\"widget\" data-settings=\"{&quot;_animation&quot;:&quot;fadeIn&quot;,&quot;_animation_delay&quot;:&quot;200&quot;}\" data-widget_type=\"heading.default\">\n\t\t\t\t<div class=\"elementor-widget-container\">\n\t\t\t\t\t<h1 class=\"elementor-heading-title elementor-size-default\">Hyperphagie<\/h1>\t\t\t\t<\/div>\n\t\t\t\t<\/div>\n\t\t\t\t<div class=\"elementor-element elementor-element-732e66bc elementor-mobile-align-center elementor-widget elementor-widget-button\" data-id=\"732e66bc\" data-element_type=\"widget\" data-e-type=\"widget\" data-widget_type=\"button.default\">\n\t\t\t\t<div class=\"elementor-widget-container\">\n\t\t\t\t\t\t\t\t\t<div class=\"elementor-button-wrapper\">\n\t\t\t\t\t<a class=\"elementor-button elementor-button-link elementor-size-sm\" href=\"https:\/\/sooma.ca\/fr\/nous-joindre\/\">\n\t\t\t\t\t\t<span class=\"elementor-button-content-wrapper\">\n\t\t\t\t\t\t\t\t\t<span class=\"elementor-button-text\">Contactez-Nous<\/span>\n\t\t\t\t\t<\/span>\n\t\t\t\t\t<\/a>\n\t\t\t\t<\/div>\n\t\t\t\t\t\t\t\t<\/div>\n\t\t\t\t<\/div>\n\t\t\t\t<\/div>\n\t\t<div class=\"elementor-element elementor-element-445f9a4f e-con-full e-flex e-con e-child\" data-id=\"445f9a4f\" data-element_type=\"container\" data-e-type=\"container\">\n\t\t\t\t<\/div>\n\t\t\t\t\t<\/div>\n\t\t\t\t<\/div>\n\t\t<div class=\"elementor-element elementor-element-5a57f8f8 e-flex e-con-boxed e-con e-parent\" data-id=\"5a57f8f8\" data-element_type=\"container\" data-e-type=\"container\" data-settings=\"{&quot;background_background&quot;:&quot;classic&quot;}\">\n\t\t\t\t\t<div class=\"e-con-inner\">\n\t\t<div class=\"elementor-element elementor-element-50d6ac48 e-con-full e-flex e-con e-child\" data-id=\"50d6ac48\" data-element_type=\"container\" data-e-type=\"container\">\n\t\t\t\t<div class=\"elementor-element elementor-element-342a5764 elementor-widget__width-initial elementor-widget elementor-widget-text-editor\" data-id=\"342a5764\" data-element_type=\"widget\" data-e-type=\"widget\" data-widget_type=\"text-editor.default\">\n\t\t\t\t<div class=\"elementor-widget-container\">\n\t\t\t\t\t\t\t\t\t<p>L&rsquo;hyperphagie est pr\u00e9sentement class\u00e9 comme le trouble alimentaire le plus courant aux \u00c9tats-Unis, touchant environ 25% des personnes vivant dans un corps plus gros.\u00a0<\/p>\t\t\t\t\t\t\t\t<\/div>\n\t\t\t\t<\/div>\n\t\t\t\t<\/div>\n\t\t<div class=\"elementor-element elementor-element-645b030a e-con-full e-flex e-con e-child\" data-id=\"645b030a\" data-element_type=\"container\" data-e-type=\"container\">\n\t\t<div class=\"elementor-element elementor-element-5dec14a8 e-con-full e-flex e-con e-child\" data-id=\"5dec14a8\" data-element_type=\"container\" data-e-type=\"container\">\n\t\t\t\t<div class=\"elementor-element elementor-element-47a287a elementor-widget elementor-widget-text-editor\" data-id=\"47a287a\" data-element_type=\"widget\" data-e-type=\"widget\" data-widget_type=\"text-editor.default\">\n\t\t\t\t<div class=\"elementor-widget-container\">\n\t\t\t\t\t\t\t\t\t<div class=\"wpb_text_column wpb_content_element \"><div class=\"wpb_wrapper\"><p>Ce trouble est caract\u00e9ris\u00e9 par des \u00e9pisodes de fr\u00e9n\u00e9sie, o\u00f9 la personne consomme une quantit\u00e9 de nourriture largement sup\u00e9rieure \u00e0 ce que la plupart des gens mangeraient en une p\u00e9riode de temps similaire (crises de boulimie objective) et un sentiment de perte de contr\u00f4le sur le comportement alimentaire pendant l&rsquo;\u00e9pisode.\u00a0<\/p><\/div><\/div>\t\t\t\t\t\t\t\t<\/div>\n\t\t\t\t<\/div>\n\t\t\t\t<div class=\"elementor-element elementor-element-3d450b42 elementor-widget elementor-widget-text-editor\" data-id=\"3d450b42\" data-element_type=\"widget\" data-e-type=\"widget\" data-widget_type=\"text-editor.default\">\n\t\t\t\t<div class=\"elementor-widget-container\">\n\t\t\t\t\t\t\t\t\t<div class=\"wpb_text_column wpb_content_element \"><div class=\"wpb_wrapper\"><div class=\"wpb_raw_code wpb_content_element wpb_raw_html vc_custom_1594311965174\"><div class=\"wpb_wrapper\"><p>Les comportements de boulimie entra\u00eenent un niveau de d\u00e9tresse important (culpabilit\u00e9, honte, regret) ou un inconfort physique. L\u2019hyperphagie se distingue de la boulimie nerveuse en raison de l&rsquo;absence de comportements compensatoires pour att\u00e9nuer la d\u00e9tresse ind\u00e9sirable.\u00a0<i class=\"fa fa-info-circle\"><\/i><\/p><\/div><\/div><div class=\"wpb_raw_code wpb_content_element wpb_raw_html vc_custom_1592770752161\"><div class=\"wpb_wrapper\"><p>Les comportements de fr\u00e9n\u00e9sie sont provoqu\u00e9s par des vuln\u00e9rabilit\u00e9s physiques, des vuln\u00e9rabilit\u00e9s \u00e9motionnelles ou les deux ; ils se pr\u00e9sentent souvent simultan\u00e9ment.<\/p><\/div><\/div><\/div><\/div>\t\t\t\t\t\t\t\t<\/div>\n\t\t\t\t<\/div>\n\t\t\t\t<\/div>\n\t\t<div class=\"elementor-element elementor-element-7a6604f7 e-con-full e-flex e-con e-child\" data-id=\"7a6604f7\" data-element_type=\"container\" data-e-type=\"container\">\n\t\t\t\t<div class=\"elementor-element elementor-element-20598dba elementor-widget elementor-widget-image\" data-id=\"20598dba\" data-element_type=\"widget\" data-e-type=\"widget\" data-widget_type=\"image.default\">\n\t\t\t\t<div class=\"elementor-widget-container\">\n\t\t\t\t\t\t\t\t\t\t\t\t\t\t\t<img fetchpriority=\"high\" decoding=\"async\" width=\"1024\" height=\"653\" src=\"https:\/\/sooma.ca\/wp-content\/uploads\/2025\/05\/Sooma-Eating-Disorders-1024x653.png\" class=\"attachment-large size-large wp-image-3877\" alt=\"Sooma- Eating Disorders\" srcset=\"https:\/\/sooma.ca\/wp-content\/uploads\/2025\/05\/Sooma-Eating-Disorders-1024x653.png 1024w, https:\/\/sooma.ca\/wp-content\/uploads\/2025\/05\/Sooma-Eating-Disorders-300x191.png 300w, https:\/\/sooma.ca\/wp-content\/uploads\/2025\/05\/Sooma-Eating-Disorders-768x489.png 768w, https:\/\/sooma.ca\/wp-content\/uploads\/2025\/05\/Sooma-Eating-Disorders.png 1467w\" sizes=\"(max-width: 1024px) 100vw, 1024px\" \/>\t\t\t\t\t\t\t\t\t\t\t\t\t\t\t<\/div>\n\t\t\t\t<\/div>\n\t\t\t\t<\/div>\n\t\t\t\t<\/div>\n\t\t\t\t\t<\/div>\n\t\t\t\t<\/div>\n\t\t<div class=\"elementor-element elementor-element-61dd4a7f e-flex e-con-boxed e-con e-parent\" data-id=\"61dd4a7f\" data-element_type=\"container\" data-e-type=\"container\" data-settings=\"{&quot;background_background&quot;:&quot;classic&quot;}\">\n\t\t\t\t\t<div class=\"e-con-inner\">\n\t\t<div class=\"elementor-element elementor-element-59870244 e-con-full e-flex e-con e-child\" data-id=\"59870244\" data-element_type=\"container\" data-e-type=\"container\">\n\t\t\t\t<div class=\"elementor-element elementor-element-4561b04a elementor-widget__width-initial elementor-widget elementor-widget-heading\" data-id=\"4561b04a\" data-element_type=\"widget\" data-e-type=\"widget\" data-widget_type=\"heading.default\">\n\t\t\t\t<div class=\"elementor-widget-container\">\n\t\t\t\t\t<p class=\"elementor-heading-title elementor-size-default\">Notre \u00e9quipe de di\u00e9t\u00e9tistes et de psychologues exp\u00e9riment\u00e9es est l\u00e0 pour vous aider !<\/p>\t\t\t\t<\/div>\n\t\t\t\t<\/div>\n\t\t\t\t<div class=\"elementor-element elementor-element-4bda2a16 elementor-align-center elementor-widget elementor-widget-button\" data-id=\"4bda2a16\" data-element_type=\"widget\" data-e-type=\"widget\" data-widget_type=\"button.default\">\n\t\t\t\t<div class=\"elementor-widget-container\">\n\t\t\t\t\t\t\t\t\t<div class=\"elementor-button-wrapper\">\n\t\t\t\t\t<a class=\"elementor-button elementor-button-link elementor-size-sm\" href=\"https:\/\/sooma.ca\/fr\/nous-joindre\/\">\n\t\t\t\t\t\t<span class=\"elementor-button-content-wrapper\">\n\t\t\t\t\t\t\t\t\t<span class=\"elementor-button-text\">Contactez-nous<\/span>\n\t\t\t\t\t<\/span>\n\t\t\t\t\t<\/a>\n\t\t\t\t<\/div>\n\t\t\t\t\t\t\t\t<\/div>\n\t\t\t\t<\/div>\n\t\t\t\t<\/div>\n\t\t\t\t\t<\/div>\n\t\t\t\t<\/div>\n\t\t<div class=\"elementor-element elementor-element-42286ab8 e-flex e-con-boxed e-con e-parent\" data-id=\"42286ab8\" data-element_type=\"container\" data-e-type=\"container\" data-settings=\"{&quot;background_background&quot;:&quot;classic&quot;}\">\n\t\t\t\t\t<div class=\"e-con-inner\">\n\t\t<div class=\"elementor-element elementor-element-14e35401 e-con-full e-flex e-con e-child\" data-id=\"14e35401\" data-element_type=\"container\" data-e-type=\"container\">\n\t\t\t\t<div class=\"elementor-element elementor-element-53706b22 elementor-widget elementor-widget-text-editor\" data-id=\"53706b22\" data-element_type=\"widget\" data-e-type=\"widget\" data-widget_type=\"text-editor.default\">\n\t\t\t\t<div class=\"elementor-widget-container\">\n\t\t\t\t\t\t\t\t\t<p>\u00ab Lorsque notre corps est en charge, nous faisons des choix qui nous aident \u00e0 nous sentir bien, \u00e0 manger ce que nous voulons, quand nous voulons \u00bb<br \/>\u2013 Lindo Bacon<\/p>\t\t\t\t\t\t\t\t<\/div>\n\t\t\t\t<\/div>\n\t\t\t\t<\/div>\n\t\t<div class=\"elementor-element elementor-element-11023305 e-con-full e-flex e-con e-child\" data-id=\"11023305\" data-element_type=\"container\" data-e-type=\"container\">\n\t\t<div class=\"elementor-element elementor-element-310b6b00 e-con-full e-flex e-con e-child\" data-id=\"310b6b00\" data-element_type=\"container\" data-e-type=\"container\">\n\t\t\t\t<div class=\"elementor-element elementor-element-33e79d40 elementor-widget elementor-widget-heading\" data-id=\"33e79d40\" data-element_type=\"widget\" data-e-type=\"widget\" data-widget_type=\"heading.default\">\n\t\t\t\t<div class=\"elementor-widget-container\">\n\t\t\t\t\t<h3 class=\"elementor-heading-title elementor-size-default\">Vulnerabiliti\u00e9s physiques<\/h3>\t\t\t\t<\/div>\n\t\t\t\t<\/div>\n\t\t\t\t<div class=\"elementor-element elementor-element-20e3dd04 elementor-widget elementor-widget-text-editor\" data-id=\"20e3dd04\" data-element_type=\"widget\" data-e-type=\"widget\" data-widget_type=\"text-editor.default\">\n\t\t\t\t<div class=\"elementor-widget-container\">\n\t\t\t\t\t\t\t\t\t<div class=\"wpb_text_column wpb_content_element \"><div class=\"wpb_wrapper\"><p>Les personnes jug\u00e9es de vivre dans un corps \u00ab trop gros \u00bb ont toujours \u00e9t\u00e9 encourag\u00e9es \u00e0 limiter leur apport calorique pour \u00ab reprendre le contr\u00f4le \u00bb et \u00ab g\u00e9rer \u00bb leur poids. Lorsque le corps est dans un \u00e9tat de privation chronique, des crises d\u2019hyperphagie se produisent naturellement.<\/p><\/div><\/div>\t\t\t\t\t\t\t\t<\/div>\n\t\t\t\t<\/div>\n\t\t\t\t<\/div>\n\t\t<div class=\"elementor-element elementor-element-1bd7913a e-con-full e-flex e-con e-child\" data-id=\"1bd7913a\" data-element_type=\"container\" data-e-type=\"container\">\n\t\t\t\t<div class=\"elementor-element elementor-element-4d85f221 elementor-widget elementor-widget-image\" data-id=\"4d85f221\" data-element_type=\"widget\" data-e-type=\"widget\" data-widget_type=\"image.default\">\n\t\t\t\t<div class=\"elementor-widget-container\">\n\t\t\t\t\t\t\t\t\t\t\t\t\t\t\t<img decoding=\"async\" width=\"712\" height=\"734\" src=\"https:\/\/sooma.ca\/wp-content\/uploads\/2025\/05\/Sooma-expertise-6.png\" class=\"attachment-large size-large wp-image-3884\" alt=\"Sooma nutrition - expertise 6\" srcset=\"https:\/\/sooma.ca\/wp-content\/uploads\/2025\/05\/Sooma-expertise-6.png 712w, https:\/\/sooma.ca\/wp-content\/uploads\/2025\/05\/Sooma-expertise-6-291x300.png 291w\" sizes=\"(max-width: 712px) 100vw, 712px\" \/>\t\t\t\t\t\t\t\t\t\t\t\t\t\t\t<\/div>\n\t\t\t\t<\/div>\n\t\t\t\t<\/div>\n\t\t\t\t<\/div>\n\t\t<div class=\"elementor-element elementor-element-79fd5e6d e-con-full e-flex e-con e-child\" data-id=\"79fd5e6d\" data-element_type=\"container\" data-e-type=\"container\">\n\t\t<div class=\"elementor-element elementor-element-17972354 e-con-full e-flex e-con e-child\" data-id=\"17972354\" data-element_type=\"container\" data-e-type=\"container\">\n\t\t\t\t<div class=\"elementor-element elementor-element-4532df62 elementor-widget elementor-widget-image\" data-id=\"4532df62\" data-element_type=\"widget\" data-e-type=\"widget\" data-widget_type=\"image.default\">\n\t\t\t\t<div class=\"elementor-widget-container\">\n\t\t\t\t\t\t\t\t\t\t\t\t\t\t\t<img decoding=\"async\" width=\"446\" height=\"1024\" src=\"https:\/\/sooma.ca\/wp-content\/uploads\/2025\/05\/Sooma-Anorexia-Nervosa-446x1024.png\" class=\"attachment-large size-large wp-image-3878\" alt=\"\" srcset=\"https:\/\/sooma.ca\/wp-content\/uploads\/2025\/05\/Sooma-Anorexia-Nervosa-446x1024.png 446w, https:\/\/sooma.ca\/wp-content\/uploads\/2025\/05\/Sooma-Anorexia-Nervosa-131x300.png 131w, https:\/\/sooma.ca\/wp-content\/uploads\/2025\/05\/Sooma-Anorexia-Nervosa-768x1763.png 768w, https:\/\/sooma.ca\/wp-content\/uploads\/2025\/05\/Sooma-Anorexia-Nervosa-669x1536.png 669w, https:\/\/sooma.ca\/wp-content\/uploads\/2025\/05\/Sooma-Anorexia-Nervosa-892x2048.png 892w, https:\/\/sooma.ca\/wp-content\/uploads\/2025\/05\/Sooma-Anorexia-Nervosa.png 1000w\" sizes=\"(max-width: 446px) 100vw, 446px\" \/>\t\t\t\t\t\t\t\t\t\t\t\t\t\t\t<\/div>\n\t\t\t\t<\/div>\n\t\t\t\t<\/div>\n\t\t<div class=\"elementor-element elementor-element-d07e450 e-con-full e-flex e-con e-child\" data-id=\"d07e450\" data-element_type=\"container\" data-e-type=\"container\">\n\t\t\t\t<div class=\"elementor-element elementor-element-734346d1 elementor-widget elementor-widget-heading\" data-id=\"734346d1\" data-element_type=\"widget\" data-e-type=\"widget\" data-widget_type=\"heading.default\">\n\t\t\t\t<div class=\"elementor-widget-container\">\n\t\t\t\t\t<h3 class=\"elementor-heading-title elementor-size-default\">Vuln\u00e9rabilit\u00e9s \u00e9motionnelles<\/h3>\t\t\t\t<\/div>\n\t\t\t\t<\/div>\n\t\t\t\t<div class=\"elementor-element elementor-element-c748051 elementor-widget elementor-widget-text-editor\" data-id=\"c748051\" data-element_type=\"widget\" data-e-type=\"widget\" data-widget_type=\"text-editor.default\">\n\t\t\t\t<div class=\"elementor-widget-container\">\n\t\t\t\t\t\t\t\t\t<div class=\"wpb_text_column wpb_content_element \"><div class=\"wpb_wrapper\"><p>La nourriture peut fournir un confort \u00e9motionnel et un effet engourdissant lorsqu\u2019elle est consomm\u00e9e dans un \u00e9tat qui semble quelque peu dissociatif. Les crises de boulimie seront souvent d\u00e9crites comme un m\u00e9canisme apaisant, gratifiant ou relaxant pour les personnes qui n\u2019ont pas de strat\u00e9gies efficaces pour g\u00e9rer les \u00e9motions inconfortables.<\/p><\/div><\/div>\t\t\t\t\t\t\t\t<\/div>\n\t\t\t\t<\/div>\n\t\t\t\t<\/div>\n\t\t\t\t<\/div>\n\t\t\t\t\t<\/div>\n\t\t\t\t<\/div>\n\t\t<div class=\"elementor-element elementor-element-23871bb9 e-flex e-con-boxed e-con e-parent\" data-id=\"23871bb9\" data-element_type=\"container\" data-e-type=\"container\">\n\t\t\t\t\t<div class=\"e-con-inner\">\n\t\t<div class=\"elementor-element elementor-element-487ba234 e-con-full e-flex e-con e-child\" data-id=\"487ba234\" data-element_type=\"container\" data-e-type=\"container\">\n\t\t\t\t<div class=\"elementor-element elementor-element-21c23646 elementor-widget elementor-widget-heading\" data-id=\"21c23646\" data-element_type=\"widget\" data-e-type=\"widget\" data-widget_type=\"heading.default\">\n\t\t\t\t<div class=\"elementor-widget-container\">\n\t\t\t\t\t<h2 class=\"elementor-heading-title elementor-size-default\">Le Cycle de Binge et de restriction<\/h2>\t\t\t\t<\/div>\n\t\t\t\t<\/div>\n\t\t\t\t<\/div>\n\t\t\t\t\t<\/div>\n\t\t\t\t<\/div>\n\t\t<div class=\"elementor-element elementor-element-365a87a6 e-flex e-con-boxed e-con e-parent\" data-id=\"365a87a6\" data-element_type=\"container\" data-e-type=\"container\">\n\t\t\t\t\t<div class=\"e-con-inner\">\n\t\t\t\t<div class=\"elementor-element elementor-element-10aa249e elementor-widget__width-initial elementor-widget elementor-widget-text-editor\" data-id=\"10aa249e\" data-element_type=\"widget\" data-e-type=\"widget\" data-widget_type=\"text-editor.default\">\n\t\t\t\t<div class=\"elementor-widget-container\">\n\t\t\t\t\t\t\t\t\t<div class=\"vc_row wpb_row vc_row-fluid vc_custom_1672761174955\" data-vc-full-width=\"true\" data-vc-full-width-init=\"true\"><div class=\"wpb_column vc_column_container vc_col-sm-12\"><div class=\"vc_column-inner\"><div class=\"wpb_wrapper\"><div class=\"wpb_text_column wpb_content_element \"><div class=\"wpb_wrapper\"><article class=\"text-token-text-primary w-full\" dir=\"auto\" data-testid=\"conversation-turn-48\" data-scroll-anchor=\"true\"><div class=\"text-base my-auto mx-auto py-5 [--thread-content-margin:--spacing(4)] @[37rem]:[--thread-content-margin:--spacing(6)] @[72rem]:[--thread-content-margin:--spacing(16)] px-(--thread-content-margin)\"><div class=\"[--thread-content-max-width:32rem] @[34rem]:[--thread-content-max-width:40rem] @[64rem]:[--thread-content-max-width:48rem] mx-auto flex max-w-(--thread-content-max-width) flex-1 text-base gap-4 md:gap-5 lg:gap-6 group\/turn-messages focus-visible:outline-hidden\" tabindex=\"-1\"><div class=\"group\/conversation-turn relative flex w-full min-w-0 flex-col agent-turn\"><div class=\"relative flex-col gap-1 md:gap-3\"><div class=\"flex max-w-full flex-col grow\"><div class=\"min-h-8 text-message relative flex w-full flex-col items-end gap-2 text-start break-words whitespace-normal [.text-message+&amp;]:mt-5\" dir=\"auto\" data-message-author-role=\"assistant\" data-message-id=\"b2b79277-1804-4308-89fe-2f88ddb29289\" data-message-model-slug=\"gpt-4o\"><div class=\"flex w-full flex-col gap-1 empty:hidden first:pt-[3px]\"><div class=\"markdown prose dark:prose-invert w-full break-words light\"><p data-start=\"46\" data-end=\"293\" data-is-last-node=\"\" data-is-only-node=\"\">Voici des exemples de ce que quelqu\u2019un peut vivre dans un cycle de compulsion et de restriction. L\u2019exp\u00e9rience de chaque personne est unique et peut diff\u00e9rer de ce qui est pr\u00e9sent\u00e9 ici. Le cycle peut \u00e9galement commencer \u00e0 n\u2019importe quel moment.<\/p><\/div><\/div><\/div><\/div><\/div><\/div><\/div><\/div><\/article><div class=\"pointer-events-none h-px w-px\" aria-hidden=\"true\" data-edge=\"true\">\u00a0<\/div><\/div><\/div><\/div><\/div><\/div><\/div>\t\t\t\t\t\t\t\t<\/div>\n\t\t\t\t<\/div>\n\t\t\t\t\t<\/div>\n\t\t\t\t<\/div>\n\t\t<div class=\"elementor-element elementor-element-637f9ed2 e-flex e-con-boxed e-con e-parent\" data-id=\"637f9ed2\" data-element_type=\"container\" data-e-type=\"container\">\n\t\t\t\t\t<div class=\"e-con-inner\">\n\t\t\t\t<div class=\"elementor-element elementor-element-2d42c742 elementor-widget elementor-widget-image\" data-id=\"2d42c742\" data-element_type=\"widget\" data-e-type=\"widget\" data-widget_type=\"image.default\">\n\t\t\t\t<div class=\"elementor-widget-container\">\n\t\t\t\t\t\t\t\t\t\t\t\t\t\t\t<img loading=\"lazy\" decoding=\"async\" width=\"1024\" height=\"791\" src=\"https:\/\/sooma.ca\/wp-content\/uploads\/2025\/07\/Binge-Eating-FR-1024x791.png\" class=\"attachment-large size-large wp-image-5571\" alt=\"\" srcset=\"https:\/\/sooma.ca\/wp-content\/uploads\/2025\/07\/Binge-Eating-FR-1024x791.png 1024w, https:\/\/sooma.ca\/wp-content\/uploads\/2025\/07\/Binge-Eating-FR-300x232.png 300w, https:\/\/sooma.ca\/wp-content\/uploads\/2025\/07\/Binge-Eating-FR-768x593.png 768w, https:\/\/sooma.ca\/wp-content\/uploads\/2025\/07\/Binge-Eating-FR-1536x1187.png 1536w, https:\/\/sooma.ca\/wp-content\/uploads\/2025\/07\/Binge-Eating-FR.png 2000w\" sizes=\"(max-width: 1024px) 100vw, 1024px\" \/>\t\t\t\t\t\t\t\t\t\t\t\t\t\t\t<\/div>\n\t\t\t\t<\/div>\n\t\t\t\t\t<\/div>\n\t\t\t\t<\/div>\n\t\t\t\t<\/div>\n\t\t","protected":false},"excerpt":{"rendered":"<p>Hyperphagie Contactez-Nous L&rsquo;hyperphagie est pr\u00e9sentement class\u00e9 comme le trouble alimentaire le plus courant aux \u00c9tats-Unis, touchant environ 25% des personnes vivant dans un corps plus gros.\u00a0 Ce trouble est caract\u00e9ris\u00e9 par des \u00e9pisodes de fr\u00e9n\u00e9sie, o\u00f9 la personne consomme une quantit\u00e9 de nourriture largement sup\u00e9rieure \u00e0 ce que la plupart des gens mangeraient en une [&hellip;]<\/p>\n","protected":false},"author":1,"featured_media":3883,"parent":4200,"menu_order":0,"comment_status":"closed","ping_status":"closed","template":"","meta":{"site-sidebar-layout":"no-sidebar","site-content-layout":"page-builder","ast-site-content-layout":"full-width-container","site-content-style":"default","site-sidebar-style":"default","ast-global-header-display":"","ast-banner-title-visibility":"","ast-main-header-display":"","ast-hfb-above-header-display":"","ast-hfb-below-header-display":"","ast-hfb-mobile-header-display":"","site-post-title":"disabled","ast-breadcrumbs-content":"","ast-featured-img":"disabled","footer-sml-layout":"","ast-disable-related-posts":"","theme-transparent-header-meta":"","adv-header-id-meta":"","stick-header-meta":"","header-above-stick-meta":"","header-main-stick-meta":"","header-below-stick-meta":"","astra-migrate-meta-layouts":"set","ast-page-background-enabled":"default","ast-page-background-meta":{"desktop":{"background-color":"","background-image":"","background-repeat":"repeat","background-position":"center center","background-size":"auto","background-attachment":"scroll","background-type":"","background-media":"","overlay-type":"","overlay-color":"","overlay-opacity":"","overlay-gradient":""},"tablet":{"background-color":"","background-image":"","background-repeat":"repeat","background-position":"center center","background-size":"auto","background-attachment":"scroll","background-type":"","background-media":"","overlay-type":"","overlay-color":"","overlay-opacity":"","overlay-gradient":""},"mobile":{"background-color":"","background-image":"","background-repeat":"repeat","background-position":"center center","background-size":"auto","background-attachment":"scroll","background-type":"","background-media":"","overlay-type":"","overlay-color":"","overlay-opacity":"","overlay-gradient":""}},"ast-content-background-meta":{"desktop":{"background-color":"var(--ast-global-color-5)","background-image":"","background-repeat":"repeat","background-position":"center center","background-size":"auto","background-attachment":"scroll","background-type":"","background-media":"","overlay-type":"","overlay-color":"","overlay-opacity":"","overlay-gradient":""},"tablet":{"background-color":"var(--ast-global-color-5)","background-image":"","background-repeat":"repeat","background-position":"center center","background-size":"auto","background-attachment":"scroll","background-type":"","background-media":"","overlay-type":"","overlay-color":"","overlay-opacity":"","overlay-gradient":""},"mobile":{"background-color":"var(--ast-global-color-5)","background-image":"","background-repeat":"repeat","background-position":"center center","background-size":"auto","background-attachment":"scroll","background-type":"","background-media":"","overlay-type":"","overlay-color":"","overlay-opacity":"","overlay-gradient":""}},"footnotes":""},"class_list":["post-4233","page","type-page","status-publish","has-post-thumbnail","hentry"],"_links":{"self":[{"href":"https:\/\/sooma.ca\/fr\/wp-json\/wp\/v2\/pages\/4233","targetHints":{"allow":["GET"]}}],"collection":[{"href":"https:\/\/sooma.ca\/fr\/wp-json\/wp\/v2\/pages"}],"about":[{"href":"https:\/\/sooma.ca\/fr\/wp-json\/wp\/v2\/types\/page"}],"author":[{"embeddable":true,"href":"https:\/\/sooma.ca\/fr\/wp-json\/wp\/v2\/users\/1"}],"replies":[{"embeddable":true,"href":"https:\/\/sooma.ca\/fr\/wp-json\/wp\/v2\/comments?post=4233"}],"version-history":[{"count":7,"href":"https:\/\/sooma.ca\/fr\/wp-json\/wp\/v2\/pages\/4233\/revisions"}],"predecessor-version":[{"id":5593,"href":"https:\/\/sooma.ca\/fr\/wp-json\/wp\/v2\/pages\/4233\/revisions\/5593"}],"up":[{"embeddable":true,"href":"https:\/\/sooma.ca\/fr\/wp-json\/wp\/v2\/pages\/4200"}],"wp:featuredmedia":[{"embeddable":true,"href":"https:\/\/sooma.ca\/fr\/wp-json\/wp\/v2\/media\/3883"}],"wp:attachment":[{"href":"https:\/\/sooma.ca\/fr\/wp-json\/wp\/v2\/media?parent=4233"}],"curies":[{"name":"wp","href":"https:\/\/api.w.org\/{rel}","templated":true}]}}