{"id":4418,"date":"2025-05-21T21:41:48","date_gmt":"2025-05-22T01:41:48","guid":{"rendered":"https:\/\/fim7p3z92e.onrocket.site\/?page_id=4418"},"modified":"2025-09-10T14:52:29","modified_gmt":"2025-09-10T18:52:29","slug":"leila-bakkioui-fr","status":"publish","type":"page","link":"https:\/\/sooma.ca\/fr\/lequipe-de-traitement\/leila-bakkioui-fr\/","title":{"rendered":"Leila Bakkioui"},"content":{"rendered":"\t\t<div data-elementor-type=\"wp-page\" data-elementor-id=\"4418\" class=\"elementor elementor-4418 elementor-2577\" data-elementor-post-type=\"page\">\n\t\t\t\t<div class=\"elementor-element elementor-element-36e97e15 e-flex e-con-boxed e-con e-parent\" data-id=\"36e97e15\" data-element_type=\"container\" data-e-type=\"container\" data-settings=\"{&quot;background_background&quot;:&quot;classic&quot;}\">\n\t\t\t\t\t<div class=\"e-con-inner\">\n\t\t<div class=\"elementor-element elementor-element-2e406f00 e-con-full e-flex e-con e-child\" data-id=\"2e406f00\" data-element_type=\"container\" data-e-type=\"container\">\n\t\t\t\t<div class=\"elementor-element elementor-element-3d83d3d0 elementor-widget elementor-widget-image\" data-id=\"3d83d3d0\" data-element_type=\"widget\" data-e-type=\"widget\" data-widget_type=\"image.default\">\n\t\t\t\t<div class=\"elementor-widget-container\">\n\t\t\t\t\t\t\t\t\t\t\t\t\t\t\t<img fetchpriority=\"high\" decoding=\"async\" width=\"1024\" height=\"1024\" src=\"https:\/\/sooma.ca\/wp-content\/uploads\/2025\/09\/Leila-1024x1024.png\" class=\"attachment-large size-large wp-image-8657\" alt=\"\" srcset=\"https:\/\/sooma.ca\/wp-content\/uploads\/2025\/09\/Leila-1024x1024.png 1024w, https:\/\/sooma.ca\/wp-content\/uploads\/2025\/09\/Leila-300x300.png 300w, https:\/\/sooma.ca\/wp-content\/uploads\/2025\/09\/Leila-150x150.png 150w, https:\/\/sooma.ca\/wp-content\/uploads\/2025\/09\/Leila-768x768.png 768w, https:\/\/sooma.ca\/wp-content\/uploads\/2025\/09\/Leila-1536x1536.png 1536w, https:\/\/sooma.ca\/wp-content\/uploads\/2025\/09\/Leila.png 1620w\" sizes=\"(max-width: 1024px) 100vw, 1024px\" \/>\t\t\t\t\t\t\t\t\t\t\t\t\t\t\t<\/div>\n\t\t\t\t<\/div>\n\t\t\t\t<\/div>\n\t\t<div class=\"elementor-element elementor-element-1acb74c9 e-con-full e-flex e-con e-child\" data-id=\"1acb74c9\" data-element_type=\"container\" data-e-type=\"container\">\n\t\t\t\t<div class=\"elementor-element elementor-element-167f65a6 elementor-invisible elementor-widget elementor-widget-heading\" data-id=\"167f65a6\" data-element_type=\"widget\" data-e-type=\"widget\" data-settings=\"{&quot;_animation&quot;:&quot;fadeIn&quot;,&quot;_animation_delay&quot;:&quot;200&quot;}\" data-widget_type=\"heading.default\">\n\t\t\t\t<div class=\"elementor-widget-container\">\n\t\t\t\t\t<h1 class=\"elementor-heading-title elementor-size-default\">Leila Bakkioui<\/h1>\t\t\t\t<\/div>\n\t\t\t\t<\/div>\n\t\t\t\t<div class=\"elementor-element elementor-element-2aad53c0 elementor-widget-divider--view-line elementor-widget elementor-widget-divider\" data-id=\"2aad53c0\" data-element_type=\"widget\" data-e-type=\"widget\" data-widget_type=\"divider.default\">\n\t\t\t\t<div class=\"elementor-widget-container\">\n\t\t\t\t\t\t\t<div class=\"elementor-divider\">\n\t\t\t<span class=\"elementor-divider-separator\">\n\t\t\t\t\t\t<\/span>\n\t\t<\/div>\n\t\t\t\t\t\t<\/div>\n\t\t\t\t<\/div>\n\t\t\t\t<div class=\"elementor-element elementor-element-5bebb9d9 elementor-widget elementor-widget-heading\" data-id=\"5bebb9d9\" data-element_type=\"widget\" data-e-type=\"widget\" data-widget_type=\"heading.default\">\n\t\t\t\t<div class=\"elementor-widget-container\">\n\t\t\t\t\t<h2 class=\"elementor-heading-title elementor-size-default\">Coordinatrice de Bureau<\/h2>\t\t\t\t<\/div>\n\t\t\t\t<\/div>\n\t\t\t\t<\/div>\n\t\t\t\t\t<\/div>\n\t\t\t\t<\/div>\n\t\t<div class=\"elementor-element elementor-element-b356d0d e-flex e-con-boxed e-con e-parent\" data-id=\"b356d0d\" data-element_type=\"container\" data-e-type=\"container\" data-settings=\"{&quot;background_background&quot;:&quot;classic&quot;}\">\n\t\t\t\t\t<div class=\"e-con-inner\">\n\t\t<div class=\"elementor-element elementor-element-6f6a516e e-con-full e-flex e-con e-child\" data-id=\"6f6a516e\" data-element_type=\"container\" data-e-type=\"container\">\n\t\t\t\t<div class=\"elementor-element elementor-element-16d7d527 elementor-widget elementor-widget-heading\" data-id=\"16d7d527\" data-element_type=\"widget\" data-e-type=\"widget\" data-widget_type=\"heading.default\">\n\t\t\t\t<div class=\"elementor-widget-container\">\n\t\t\t\t\t<h2 class=\"elementor-heading-title elementor-size-default\">Une de mes citations pr\u00e9f\u00e9r\u00e9es<\/h2>\t\t\t\t<\/div>\n\t\t\t\t<\/div>\n\t\t\t\t<div class=\"elementor-element elementor-element-25a20cb elementor-widget elementor-widget-testimonial\" data-id=\"25a20cb\" data-element_type=\"widget\" data-e-type=\"widget\" data-widget_type=\"testimonial.default\">\n\t\t\t\t<div class=\"elementor-widget-container\">\n\t\t\t\t\t\t\t<div class=\"elementor-testimonial-wrapper\">\n\t\t\t\t\t\t\t<div class=\"elementor-testimonial-content\">\u00ab Le succ\u00e8s n\u2019est pas final, l\u2019\u00e9chec n\u2019est pas fatal : c\u2019est le courage qui compte. \u00bb<\/div>\n\t\t\t\n\t\t\t\t\t\t<div class=\"elementor-testimonial-meta\">\n\t\t\t\t<div class=\"elementor-testimonial-meta-inner\">\n\t\t\t\t\t\n\t\t\t\t\t\t\t\t\t\t<div class=\"elementor-testimonial-details\">\n\t\t\t\t\t\t\t\t\t\t\t\t\t\t<div class=\"elementor-testimonial-name\">Winston S. Churchill<\/div>\n\t\t\t\t\t\t\t\t\t\t\t\t\t\t\t\t\t\t\t<\/div>\n\t\t\t\t\t\t\t\t\t<\/div>\n\t\t\t<\/div>\n\t\t\t\t\t<\/div>\n\t\t\t\t\t\t<\/div>\n\t\t\t\t<\/div>\n\t\t\t\t<\/div>\n\t\t\t\t\t<\/div>\n\t\t\t\t<\/div>\n\t\t<div class=\"elementor-element elementor-element-7a1c98d0 e-flex e-con-boxed e-con e-parent\" data-id=\"7a1c98d0\" data-element_type=\"container\" data-e-type=\"container\" data-settings=\"{&quot;background_background&quot;:&quot;classic&quot;}\">\n\t\t\t\t\t<div class=\"e-con-inner\">\n\t\t<div class=\"elementor-element elementor-element-11332f4f e-con-full e-flex e-con e-child\" data-id=\"11332f4f\" data-element_type=\"container\" data-e-type=\"container\">\n\t\t\t\t<div class=\"elementor-element elementor-element-306db680 elementor-widget elementor-widget-heading\" data-id=\"306db680\" data-element_type=\"widget\" data-e-type=\"widget\" data-widget_type=\"heading.default\">\n\t\t\t\t<div class=\"elementor-widget-container\">\n\t\t\t\t\t<h2 class=\"elementor-heading-title elementor-size-default\">\nLeila<\/h2>\t\t\t\t<\/div>\n\t\t\t\t<\/div>\n\t\t\t\t<div class=\"elementor-element elementor-element-33af2dae elementor-widget-divider--view-line elementor-widget elementor-widget-divider\" data-id=\"33af2dae\" data-element_type=\"widget\" data-e-type=\"widget\" data-widget_type=\"divider.default\">\n\t\t\t\t<div class=\"elementor-widget-container\">\n\t\t\t\t\t\t\t<div class=\"elementor-divider\">\n\t\t\t<span class=\"elementor-divider-separator\">\n\t\t\t\t\t\t<\/span>\n\t\t<\/div>\n\t\t\t\t\t\t<\/div>\n\t\t\t\t<\/div>\n\t\t\t\t<\/div>\n\t\t<div class=\"elementor-element elementor-element-5d00f91e e-con-full e-flex e-con e-child\" data-id=\"5d00f91e\" data-element_type=\"container\" data-e-type=\"container\">\n\t\t\t\t<div class=\"elementor-element elementor-element-50f88d9 elementor-widget elementor-widget-heading\" data-id=\"50f88d9\" data-element_type=\"widget\" data-e-type=\"widget\" data-widget_type=\"heading.default\">\n\t\t\t\t<div class=\"elementor-widget-container\">\n\t\t\t\t\t<h3 class=\"elementor-heading-title elementor-size-default\">Exp\u00e9rience<\/h3>\t\t\t\t<\/div>\n\t\t\t\t<\/div>\n\t\t\t\t<div class=\"elementor-element elementor-element-4cb8812e elementor-widget-divider--view-line elementor-widget elementor-widget-divider\" data-id=\"4cb8812e\" data-element_type=\"widget\" data-e-type=\"widget\" data-widget_type=\"divider.default\">\n\t\t\t\t<div class=\"elementor-widget-container\">\n\t\t\t\t\t\t\t<div class=\"elementor-divider\">\n\t\t\t<span class=\"elementor-divider-separator\">\n\t\t\t\t\t\t<\/span>\n\t\t<\/div>\n\t\t\t\t\t\t<\/div>\n\t\t\t\t<\/div>\n\t\t\t\t<div class=\"elementor-element elementor-element-2b119828 elementor-widget elementor-widget-text-editor\" data-id=\"2b119828\" data-element_type=\"widget\" data-e-type=\"widget\" data-widget_type=\"text-editor.default\">\n\t\t\t\t<div class=\"elementor-widget-container\">\n\t\t\t\t\t\t\t\t\t<p>Leila, notre coordonnatrice de bureau, est dipl\u00f4m\u00e9e de la Facult\u00e9 de gestion de l\u2019Universit\u00e9 McGill, o\u00f9 elle a obtenu un baccalaur\u00e9at en marketing et en ressources humaines.\u00a0<\/p><p>Leila a une grande passion pour le bien-\u00eatre et la mise en forme, ce qui a largement guid\u00e9 son parcours personnel et professionnel. Apr\u00e8s l\u2019obtention de son dipl\u00f4me universitaire, elle a acquis une pr\u00e9cieuse exp\u00e9rience dans divers r\u00f4les en marketing avant d\u2019obtenir, en 2023, une certification en tant qu\u2019instructrice de conditionnement physique en groupe. Son r\u00f4le actuel de coordonnatrice de bureau lui permet de combiner son expertise en marketing avec son int\u00e9r\u00eat sinc\u00e8re pour la sant\u00e9 et le bien-\u00eatre.<\/p>\t\t\t\t\t\t\t\t<\/div>\n\t\t\t\t<\/div>\n\t\t\t\t<\/div>\n\t\t\t\t\t<\/div>\n\t\t\t\t<\/div>\n\t\t<div class=\"elementor-element elementor-element-6b34ec74 e-flex e-con-boxed e-con e-parent\" data-id=\"6b34ec74\" data-element_type=\"container\" data-e-type=\"container\" data-settings=\"{&quot;background_background&quot;:&quot;classic&quot;}\">\n\t\t\t\t\t<div class=\"e-con-inner\">\n\t\t<div class=\"elementor-element elementor-element-92d693 e-con-full e-flex e-con e-child\" data-id=\"92d693\" data-element_type=\"container\" data-e-type=\"container\">\n\t\t\t\t<div class=\"elementor-element elementor-element-7c320ce elementor-widget elementor-widget-heading\" data-id=\"7c320ce\" data-element_type=\"widget\" data-e-type=\"widget\" data-widget_type=\"heading.default\">\n\t\t\t\t<div class=\"elementor-widget-container\">\n\t\t\t\t\t<h2 class=\"elementor-heading-title elementor-size-default\">En dehors du travail, vous me trouverez<\/h2>\t\t\t\t<\/div>\n\t\t\t\t<\/div>\n\t\t\t\t<div class=\"elementor-element elementor-element-2673b489 elementor-widget elementor-widget-text-editor\" data-id=\"2673b489\" data-element_type=\"widget\" data-e-type=\"widget\" data-widget_type=\"text-editor.default\">\n\t\t\t\t<div class=\"elementor-widget-container\">\n\t\t\t\t\t\t\t\t\t<p>\u00c0 la salle de sport<\/p><p>En train de faire de longues promenades<\/p><p>De profiter de la nature<\/p><p>D\u00e9couvrir de nouveaux caf\u00e9s<\/p><p>Passer du temps avec mes amis et ma famille.<\/p>\t\t\t\t\t\t\t\t<\/div>\n\t\t\t\t<\/div>\n\t\t\t\t<\/div>\n\t\t\t\t\t<\/div>\n\t\t\t\t<\/div>\n\t\t<div class=\"elementor-element elementor-element-8c984ea e-flex e-con-boxed e-con e-parent\" data-id=\"8c984ea\" data-element_type=\"container\" data-e-type=\"container\">\n\t\t\t\t\t<div class=\"e-con-inner\">\n\t\t<div class=\"elementor-element elementor-element-1052ce6 e-con-full e-flex e-con e-child\" data-id=\"1052ce6\" data-element_type=\"container\" data-e-type=\"container\">\n\t\t\t\t<div class=\"elementor-element elementor-element-7c7cb59 elementor-widget elementor-widget-heading\" data-id=\"7c7cb59\" data-element_type=\"widget\" data-e-type=\"widget\" data-widget_type=\"heading.default\">\n\t\t\t\t<div class=\"elementor-widget-container\">\n\t\t\t\t\t<h3 class=\"elementor-heading-title elementor-size-default\">Son R\u00f4le chez S\u00f6\u00f6ma<\/h3>\t\t\t\t<\/div>\n\t\t\t\t<\/div>\n\t\t\t\t<div class=\"elementor-element elementor-element-59e3e26 elementor-widget-divider--view-line elementor-widget elementor-widget-divider\" data-id=\"59e3e26\" data-element_type=\"widget\" data-e-type=\"widget\" data-widget_type=\"divider.default\">\n\t\t\t\t<div class=\"elementor-widget-container\">\n\t\t\t\t\t\t\t<div class=\"elementor-divider\">\n\t\t\t<span class=\"elementor-divider-separator\">\n\t\t\t\t\t\t<\/span>\n\t\t<\/div>\n\t\t\t\t\t\t<\/div>\n\t\t\t\t<\/div>\n\t\t\t\t<div class=\"elementor-element elementor-element-596d76f elementor-widget elementor-widget-text-editor\" data-id=\"596d76f\" data-element_type=\"widget\" data-e-type=\"widget\" data-widget_type=\"text-editor.default\">\n\t\t\t\t<div class=\"elementor-widget-container\">\n\t\t\t\t\t\t\t\t\t<article class=\"text-token-text-primary w-full\" dir=\"auto\" data-testid=\"conversation-turn-138\" data-scroll-anchor=\"true\"><div class=\"text-base my-auto mx-auto py-5 [--thread-content-margin:--spacing(4)] @[37rem]:[--thread-content-margin:--spacing(6)] @[72rem]:[--thread-content-margin:--spacing(16)] px-(--thread-content-margin)\"><div class=\"[--thread-content-max-width:32rem] @[34rem]:[--thread-content-max-width:40rem] @[64rem]:[--thread-content-max-width:48rem] mx-auto flex max-w-(--thread-content-max-width) flex-1 text-base gap-4 md:gap-5 lg:gap-6 group\/turn-messages focus-visible:outline-hidden\" tabindex=\"-1\"><div class=\"group\/conversation-turn relative flex w-full min-w-0 flex-col agent-turn\"><div class=\"relative flex-col gap-1 md:gap-3\"><div class=\"flex max-w-full flex-col grow\"><div class=\"min-h-8 text-message relative flex w-full flex-col items-end gap-2 text-start break-words whitespace-normal [.text-message+&amp;]:mt-5\" dir=\"auto\" data-message-author-role=\"assistant\" data-message-id=\"d2b345c6-b78c-44f3-9ba1-6506000c2fad\" data-message-model-slug=\"gpt-4o\"><div class=\"flex w-full flex-col gap-1 empty:hidden first:pt-[3px]\"><div class=\"markdown prose dark:prose-invert w-full break-words light\"><p data-start=\"760\" data-end=\"1296\">Avec chaleur, compassion et un engagement profond envers le service \u00e0 la client\u00e8le, Leila joue un r\u00f4le cl\u00e9 chez S\u00f6\u00f6ma. Elle offre un soutien attentionn\u00e9 aux nouveaux clients, agissant comme premi\u00e8re personne de contact pour ceux qui d\u00e9couvrent les services de la clinique. Sa compr\u00e9hension approfondie des valeurs de S\u00f6\u00f6ma, des approches th\u00e9rapeutiques et de la gamme de services offerts lui permet de r\u00e9pondre avec clart\u00e9 et bienveillance aux demandes, tout en aidant les personnes \u00e0 s\u2019orienter dans le processus de prise en charge.<\/p><p data-start=\"1298\" data-end=\"1608\">Leila poss\u00e8de \u00e9galement une connaissance accrue du style, des domaines d\u2019expertise et de l\u2019approche relationnelle de chaque professionnel. Cette compr\u00e9hension lui permet de jumeler les clients avec le professionnel le mieux adapt\u00e9 \u00e0 leurs besoins, favorisant ainsi des relations th\u00e9rapeutiques solides d\u00e8s le d\u00e9part.<\/p><p data-start=\"1610\" data-end=\"1981\" data-is-last-node=\"\" data-is-only-node=\"\">Au-del\u00e0 de son r\u00f4le aupr\u00e8s de la client\u00e8le, Leila occupe une place centrale dans les efforts de marketing de S\u00f6\u00f6ma. Elle \u00e9labore des strat\u00e9gies, planifie et cr\u00e9e du contenu pour les plateformes de m\u00e9dias sociaux de la clinique, veillant \u00e0 ce que les messages refl\u00e8tent les valeurs et l\u2019approche de S\u00f6\u00f6ma, tout en communiquant efficacement le soutien et les soins que nous offrons.<\/p><\/div><\/div><\/div><\/div><\/div><\/div><\/div><\/div><\/article>\t\t\t\t\t\t\t\t<\/div>\n\t\t\t\t<\/div>\n\t\t\t\t<\/div>\n\t\t\t\t\t<\/div>\n\t\t\t\t<\/div>\n\t\t\t\t<\/div>\n\t\t","protected":false},"excerpt":{"rendered":"<p>Leila Bakkioui Coordinatrice de Bureau Une de mes citations pr\u00e9f\u00e9r\u00e9es \u00ab Le succ\u00e8s n\u2019est pas final, l\u2019\u00e9chec n\u2019est pas fatal : c\u2019est le courage qui compte. \u00bb Winston S. Churchill Leila Exp\u00e9rience Leila, notre coordonnatrice de bureau, est dipl\u00f4m\u00e9e de la Facult\u00e9 de gestion de l\u2019Universit\u00e9 McGill, o\u00f9 elle a obtenu un baccalaur\u00e9at en marketing [&hellip;]<\/p>\n","protected":false},"author":1,"featured_media":0,"parent":4337,"menu_order":0,"comment_status":"closed","ping_status":"open","template":"","meta":{"site-sidebar-layout":"no-sidebar","site-content-layout":"page-builder","ast-site-content-layout":"full-width-container","site-content-style":"unboxed","site-sidebar-style":"unboxed","ast-global-header-display":"","ast-banner-title-visibility":"","ast-main-header-display":"","ast-hfb-above-header-display":"","ast-hfb-below-header-display":"","ast-hfb-mobile-header-display":"","site-post-title":"disabled","ast-breadcrumbs-content":"","ast-featured-img":"disabled","footer-sml-layout":"","ast-disable-related-posts":"","theme-transparent-header-meta":"default","adv-header-id-meta":"","stick-header-meta":"","header-above-stick-meta":"","header-main-stick-meta":"","header-below-stick-meta":"","astra-migrate-meta-layouts":"set","ast-page-background-enabled":"default","ast-page-background-meta":{"desktop":{"background-color":"","background-image":"","background-repeat":"repeat","background-position":"center center","background-size":"auto","background-attachment":"scroll","background-type":"","background-media":"","overlay-type":"","overlay-color":"","overlay-opacity":"","overlay-gradient":""},"tablet":{"background-color":"","background-image":"","background-repeat":"repeat","background-position":"center center","background-size":"auto","background-attachment":"scroll","background-type":"","background-media":"","overlay-type":"","overlay-color":"","overlay-opacity":"","overlay-gradient":""},"mobile":{"background-color":"","background-image":"","background-repeat":"repeat","background-position":"center center","background-size":"auto","background-attachment":"scroll","background-type":"","background-media":"","overlay-type":"","overlay-color":"","overlay-opacity":"","overlay-gradient":""}},"ast-content-background-meta":{"desktop":{"background-color":"var(--ast-global-color-5)","background-image":"","background-repeat":"repeat","background-position":"center center","background-size":"auto","background-attachment":"scroll","background-type":"","background-media":"","overlay-type":"","overlay-color":"","overlay-opacity":"","overlay-gradient":""},"tablet":{"background-color":"var(--ast-global-color-5)","background-image":"","background-repeat":"repeat","background-position":"center center","background-size":"auto","background-attachment":"scroll","background-type":"","background-media":"","overlay-type":"","overlay-color":"","overlay-opacity":"","overlay-gradient":""},"mobile":{"background-color":"var(--ast-global-color-5)","background-image":"","background-repeat":"repeat","background-position":"center center","background-size":"auto","background-attachment":"scroll","background-type":"","background-media":"","overlay-type":"","overlay-color":"","overlay-opacity":"","overlay-gradient":""}},"footnotes":""},"class_list":["post-4418","page","type-page","status-publish","hentry"],"_links":{"self":[{"href":"https:\/\/sooma.ca\/fr\/wp-json\/wp\/v2\/pages\/4418","targetHints":{"allow":["GET"]}}],"collection":[{"href":"https:\/\/sooma.ca\/fr\/wp-json\/wp\/v2\/pages"}],"about":[{"href":"https:\/\/sooma.ca\/fr\/wp-json\/wp\/v2\/types\/page"}],"author":[{"embeddable":true,"href":"https:\/\/sooma.ca\/fr\/wp-json\/wp\/v2\/users\/1"}],"replies":[{"embeddable":true,"href":"https:\/\/sooma.ca\/fr\/wp-json\/wp\/v2\/comments?post=4418"}],"version-history":[{"count":16,"href":"https:\/\/sooma.ca\/fr\/wp-json\/wp\/v2\/pages\/4418\/revisions"}],"predecessor-version":[{"id":8667,"href":"https:\/\/sooma.ca\/fr\/wp-json\/wp\/v2\/pages\/4418\/revisions\/8667"}],"up":[{"embeddable":true,"href":"https:\/\/sooma.ca\/fr\/wp-json\/wp\/v2\/pages\/4337"}],"wp:attachment":[{"href":"https:\/\/sooma.ca\/fr\/wp-json\/wp\/v2\/media?parent=4418"}],"curies":[{"name":"wp","href":"https:\/\/api.w.org\/{rel}","templated":true}]}}