{"id":8154,"date":"2025-08-08T16:42:13","date_gmt":"2025-08-08T20:42:13","guid":{"rendered":"https:\/\/sooma.ca\/?page_id=8154"},"modified":"2025-08-08T16:46:01","modified_gmt":"2025-08-08T20:46:01","slug":"politique-de-confidentialite","status":"publish","type":"page","link":"https:\/\/sooma.ca\/fr\/politique-de-confidentialite\/","title":{"rendered":"Politique de confidentialit\u00e9"},"content":{"rendered":"\t\t<div data-elementor-type=\"wp-page\" data-elementor-id=\"8154\" class=\"elementor elementor-8154 elementor-8153\" data-elementor-post-type=\"page\">\n\t\t\t\t<div class=\"elementor-element elementor-element-6e724c4e e-flex e-con-boxed e-con e-parent\" data-id=\"6e724c4e\" data-element_type=\"container\" data-e-type=\"container\" data-settings=\"{&quot;background_background&quot;:&quot;classic&quot;}\">\n\t\t\t\t\t<div class=\"e-con-inner\">\n\t\t<div class=\"elementor-element elementor-element-38cf1fce e-con-full e-flex e-con e-child\" data-id=\"38cf1fce\" data-element_type=\"container\" data-e-type=\"container\">\n\t\t\t\t<div class=\"elementor-element elementor-element-22451561 elementor-invisible elementor-widget elementor-widget-heading\" data-id=\"22451561\" data-element_type=\"widget\" data-e-type=\"widget\" data-settings=\"{&quot;_animation&quot;:&quot;fadeIn&quot;,&quot;_animation_delay&quot;:&quot;200&quot;}\" data-widget_type=\"heading.default\">\n\t\t\t\t<div class=\"elementor-widget-container\">\n\t\t\t\t\t<h1 class=\"elementor-heading-title elementor-size-default\">Politique de confidentialit\u00e9<\/h1>\t\t\t\t<\/div>\n\t\t\t\t<\/div>\n\t\t\t\t<div class=\"elementor-element elementor-element-188b8710 elementor-mobile-align-center elementor-widget elementor-widget-button\" data-id=\"188b8710\" data-element_type=\"widget\" data-e-type=\"widget\" data-widget_type=\"button.default\">\n\t\t\t\t<div class=\"elementor-widget-container\">\n\t\t\t\t\t\t\t\t\t<div class=\"elementor-button-wrapper\">\n\t\t\t\t\t<a class=\"elementor-button elementor-button-link elementor-size-sm\" href=\"https:\/\/sooma.ca\/fr\/nous-joindre\/\">\n\t\t\t\t\t\t<span class=\"elementor-button-content-wrapper\">\n\t\t\t\t\t\t\t\t\t<span class=\"elementor-button-text\">Contactez-Nous<\/span>\n\t\t\t\t\t<\/span>\n\t\t\t\t\t<\/a>\n\t\t\t\t<\/div>\n\t\t\t\t\t\t\t\t<\/div>\n\t\t\t\t<\/div>\n\t\t\t\t<\/div>\n\t\t<div class=\"elementor-element elementor-element-5c40a06 e-con-full e-flex e-con e-child\" data-id=\"5c40a06\" data-element_type=\"container\" data-e-type=\"container\">\n\t\t\t\t<\/div>\n\t\t\t\t\t<\/div>\n\t\t\t\t<\/div>\n\t\t<div class=\"elementor-element elementor-element-6135955b e-flex e-con-boxed e-con e-parent\" data-id=\"6135955b\" data-element_type=\"container\" data-e-type=\"container\" data-settings=\"{&quot;background_background&quot;:&quot;classic&quot;}\">\n\t\t\t\t\t<div class=\"e-con-inner\">\n\t\t<div class=\"elementor-element elementor-element-7891779 e-con-full e-flex e-con e-child\" data-id=\"7891779\" data-element_type=\"container\" data-e-type=\"container\">\n\t\t<div class=\"elementor-element elementor-element-4e0f58c9 e-flex e-con-boxed e-con e-child\" data-id=\"4e0f58c9\" data-element_type=\"container\" data-e-type=\"container\">\n\t\t\t\t\t<div class=\"e-con-inner\">\n\t\t<div class=\"elementor-element elementor-element-33c61ec1 e-con-full e-flex e-con e-child\" data-id=\"33c61ec1\" data-element_type=\"container\" data-e-type=\"container\">\n\t\t\t\t<div class=\"elementor-element elementor-element-59b271ac elementor-widget elementor-widget-text-editor\" data-id=\"59b271ac\" data-element_type=\"widget\" data-e-type=\"widget\" data-widget_type=\"text-editor.default\">\n\t\t\t\t<div class=\"elementor-widget-container\">\n\t\t\t\t\t\t\t\t\t<div class=\"wpb_text_column wpb_content_element \"><div class=\"wpb_wrapper\"><div class=\"wpb_text_column wpb_content_element \"><div class=\"wpb_wrapper\"><article class=\"text-token-text-primary w-full\" dir=\"auto\" data-testid=\"conversation-turn-68\" data-scroll-anchor=\"true\"><div class=\"text-base my-auto mx-auto py-5 [--thread-content-margin:--spacing(4)] @[37rem]:[--thread-content-margin:--spacing(6)] @[72rem]:[--thread-content-margin:--spacing(16)] px-(--thread-content-margin)\"><div class=\"[--thread-content-max-width:32rem] @[34rem]:[--thread-content-max-width:40rem] @[64rem]:[--thread-content-max-width:48rem] mx-auto flex max-w-(--thread-content-max-width) flex-1 text-base gap-4 md:gap-5 lg:gap-6 group\/turn-messages focus-visible:outline-hidden\" tabindex=\"-1\"><div class=\"group\/conversation-turn relative flex w-full min-w-0 flex-col agent-turn\"><div class=\"relative flex-col gap-1 md:gap-3\"><div class=\"flex max-w-full flex-col grow\"><div class=\"min-h-8 text-message relative flex w-full flex-col items-end gap-2 text-start break-words whitespace-normal [.text-message+&amp;]:mt-5\" dir=\"auto\" data-message-author-role=\"assistant\" data-message-id=\"1a4fc33b-8330-4908-abde-4c914922834f\" data-message-model-slug=\"gpt-4o\"><div class=\"flex w-full flex-col gap-1 empty:hidden first:pt-[3px]\"><div class=\"markdown prose dark:prose-invert w-full break-words light\"><p data-start=\"2208\" data-end=\"2308\">Derni\u00e8re mise \u00e0 jour : 8 ao\u00fbt 2025<\/p><p data-start=\"2310\" data-end=\"2635\">S\u00f6\u00f6ma Nutrition (\u00ab nous \u00bb, \u00ab notre \u00bb, \u00ab nos \u00bb) s\u2019engage \u00e0 prot\u00e9ger votre vie priv\u00e9e. La pr\u00e9sente politique de confidentialit\u00e9 explique comment nous recueillons, utilisons et prot\u00e9geons vos renseignements lorsque vous visitez notre site web sooma.ca. En utilisant notre site, vous acceptez les conditions de cette politique.<\/p><ol data-start=\"2637\" data-end=\"2737\"><li data-start=\"2637\" data-end=\"2737\"><p data-start=\"2640\" data-end=\"2737\">Informations que nous recueillons<br data-start=\"2673\" data-end=\"2676\" \/>Nous pouvons recueillir les types d\u2019informations suivants :<\/p><\/li><\/ol><ul data-start=\"2738\" data-end=\"3006\"><li data-start=\"2738\" data-end=\"2892\"><p data-start=\"2740\" data-end=\"2892\">Renseignements personnels : Nom, adresse courriel, num\u00e9ro de t\u00e9l\u00e9phone, adresse de livraison\/facturation et informations de paiement (le cas \u00e9ch\u00e9ant).<\/p><\/li><li data-start=\"2893\" data-end=\"3006\"><p data-start=\"2895\" data-end=\"3006\">Renseignements non personnels : Type de navigateur, adresse IP, pages visit\u00e9es et autres donn\u00e9es analytiques.<\/p><\/li><\/ul><ol start=\"2\" data-start=\"3008\" data-end=\"3087\"><li data-start=\"3008\" data-end=\"3087\"><p data-start=\"3011\" data-end=\"3087\">Utilisation de vos informations<br data-start=\"3042\" data-end=\"3045\" \/>Nous utilisons vos renseignements pour :<\/p><\/li><\/ol><ul data-start=\"3088\" data-end=\"3277\"><li data-start=\"3088\" data-end=\"3125\"><p data-start=\"3090\" data-end=\"3125\">Fournir et am\u00e9liorer nos services<\/p><\/li><li data-start=\"3126\" data-end=\"3168\"><p data-start=\"3128\" data-end=\"3168\">Traiter les commandes et les paiements<\/p><\/li><li data-start=\"3169\" data-end=\"3239\"><p data-start=\"3171\" data-end=\"3239\">Communiquer avec vous au sujet de produits, services ou promotions<\/p><\/li><li data-start=\"3240\" data-end=\"3277\"><p data-start=\"3242\" data-end=\"3277\">Respecter nos obligations l\u00e9gales<\/p><\/li><\/ul><ol start=\"3\" data-start=\"3279\" data-end=\"3419\"><li data-start=\"3279\" data-end=\"3419\"><p data-start=\"3282\" data-end=\"3419\">Partage de vos informations<br data-start=\"3309\" data-end=\"3312\" \/>Nous ne vendons ni ne louons vos renseignements personnels. Nous pouvons partager vos informations avec :<\/p><\/li><\/ol><ul data-start=\"3420\" data-end=\"3569\"><li data-start=\"3420\" data-end=\"3525\"><p data-start=\"3422\" data-end=\"3525\">Des fournisseurs de services qui nous aident \u00e0 exploiter notre site web ou \u00e0 traiter les transactions<\/p><\/li><li data-start=\"3526\" data-end=\"3569\"><p data-start=\"3528\" data-end=\"3569\">Les autorit\u00e9s l\u00e9gales si la loi l\u2019exige<\/p><\/li><\/ul><ol start=\"4\" data-start=\"3571\" data-end=\"4103\"><li data-start=\"3571\" data-end=\"3868\"><p data-start=\"3574\" data-end=\"3868\">T\u00e9moins et technologies de suivi<br data-start=\"3606\" data-end=\"3609\" \/>S\u00f6\u00f6ma Nutrition utilise des t\u00e9moins (\u00ab cookies \u00bb) et des technologies similaires pour am\u00e9liorer votre exp\u00e9rience de navigation et recueillir des statistiques d\u2019utilisation. Vous pouvez g\u00e9rer ou d\u00e9sactiver les t\u00e9moins dans les param\u00e8tres de votre navigateur.<\/p><\/li><li data-start=\"3870\" data-end=\"4060\"><p data-start=\"3873\" data-end=\"4060\">S\u00e9curit\u00e9 des donn\u00e9es<br data-start=\"3893\" data-end=\"3896\" \/>Nous prenons des mesures raisonnables pour prot\u00e9ger vos renseignements personnels contre l\u2019acc\u00e8s, la modification, la divulgation ou la destruction non autoris\u00e9s.<\/p><\/li><li data-start=\"4062\" data-end=\"4103\"><p data-start=\"4065\" data-end=\"4103\">Vos droits<br data-start=\"4075\" data-end=\"4078\" \/>Vous avez le droit de :<\/p><\/li><\/ol><ul data-start=\"4104\" data-end=\"4284\"><li data-start=\"4104\" data-end=\"4178\"><p data-start=\"4106\" data-end=\"4178\">Acc\u00e9der \u00e0 vos renseignements personnels, les corriger ou les supprimer<\/p><\/li><li data-start=\"4179\" data-end=\"4223\"><p data-start=\"4181\" data-end=\"4223\">Retirer votre consentement \u00e0 tout moment<\/p><\/li><li data-start=\"4224\" data-end=\"4284\"><p data-start=\"4226\" data-end=\"4284\">Demander des pr\u00e9cisions sur l\u2019utilisation de vos donn\u00e9es<\/p><\/li><\/ul><ol start=\"7\" data-start=\"4286\" data-end=\"4805\"><li data-start=\"4286\" data-end=\"4459\"><p data-start=\"4289\" data-end=\"4459\">Liens vers des sites tiers<br data-start=\"4315\" data-end=\"4318\" \/>Notre site web peut contenir des liens vers des sites tiers. Nous ne sommes pas responsables des pratiques de confidentialit\u00e9 de ces sites.<\/p><\/li><li data-start=\"4461\" data-end=\"4662\"><p data-start=\"4464\" data-end=\"4662\">Modifications de cette politique<br data-start=\"4496\" data-end=\"4499\" \/>Nous pouvons mettre \u00e0 jour la pr\u00e9sente politique de confidentialit\u00e9 de temps \u00e0 autre. Les modifications seront publi\u00e9es sur cette page avec une date mise \u00e0 jour.<\/p><\/li><li data-start=\"4664\" data-end=\"4805\"><p data-start=\"4667\" data-end=\"4805\">Nous contacter<br data-start=\"4681\" data-end=\"4684\" \/>Pour toute question concernant cette politique de confidentialit\u00e9, veuillez nous contacter :<br data-start=\"4776\" data-end=\"4779\" \/>Courriel : <a class=\"cursor-pointer\" rel=\"noopener\" data-start=\"4790\" data-end=\"4803\">info@sooma.ca<\/a><\/p><\/li><\/ol><\/div><\/div><\/div><\/div><\/div><\/div><\/div><\/div><\/article><\/div><\/div><\/div><\/div>\t\t\t\t\t\t\t\t<\/div>\n\t\t\t\t<\/div>\n\t\t\t\t<\/div>\n\t\t\t\t\t<\/div>\n\t\t\t\t<\/div>\n\t\t\t\t<\/div>\n\t\t\t\t\t<\/div>\n\t\t\t\t<\/div>\n\t\t\t\t<\/div>\n\t\t","protected":false},"excerpt":{"rendered":"<p>Politique de confidentialit\u00e9 Contactez-Nous Derni\u00e8re mise \u00e0 jour : 8 ao\u00fbt 2025 S\u00f6\u00f6ma Nutrition (\u00ab nous \u00bb, \u00ab notre \u00bb, \u00ab nos \u00bb) s\u2019engage \u00e0 prot\u00e9ger votre vie priv\u00e9e. La pr\u00e9sente politique de confidentialit\u00e9 explique comment nous recueillons, utilisons et prot\u00e9geons vos renseignements lorsque vous visitez notre site web sooma.ca. En utilisant notre site, vous [&hellip;]<\/p>\n","protected":false},"author":1,"featured_media":7956,"parent":0,"menu_order":0,"comment_status":"closed","ping_status":"open","template":"","meta":{"site-sidebar-layout":"no-sidebar","site-content-layout":"page-builder","ast-site-content-layout":"full-width-container","site-content-style":"unboxed","site-sidebar-style":"unboxed","ast-global-header-display":"","ast-banner-title-visibility":"","ast-main-header-display":"","ast-hfb-above-header-display":"","ast-hfb-below-header-display":"","ast-hfb-mobile-header-display":"","site-post-title":"disabled","ast-breadcrumbs-content":"","ast-featured-img":"disabled","footer-sml-layout":"","ast-disable-related-posts":"","theme-transparent-header-meta":"default","adv-header-id-meta":"","stick-header-meta":"","header-above-stick-meta":"","header-main-stick-meta":"","header-below-stick-meta":"","astra-migrate-meta-layouts":"set","ast-page-background-enabled":"default","ast-page-background-meta":{"desktop":{"background-color":"","background-image":"","background-repeat":"repeat","background-position":"center center","background-size":"auto","background-attachment":"scroll","background-type":"","background-media":"","overlay-type":"","overlay-color":"","overlay-opacity":"","overlay-gradient":""},"tablet":{"background-color":"","background-image":"","background-repeat":"repeat","background-position":"center center","background-size":"auto","background-attachment":"scroll","background-type":"","background-media":"","overlay-type":"","overlay-color":"","overlay-opacity":"","overlay-gradient":""},"mobile":{"background-color":"","background-image":"","background-repeat":"repeat","background-position":"center center","background-size":"auto","background-attachment":"scroll","background-type":"","background-media":"","overlay-type":"","overlay-color":"","overlay-opacity":"","overlay-gradient":""}},"ast-content-background-meta":{"desktop":{"background-color":"var(--ast-global-color-5)","background-image":"","background-repeat":"repeat","background-position":"center center","background-size":"auto","background-attachment":"scroll","background-type":"","background-media":"","overlay-type":"","overlay-color":"","overlay-opacity":"","overlay-gradient":""},"tablet":{"background-color":"var(--ast-global-color-5)","background-image":"","background-repeat":"repeat","background-position":"center center","background-size":"auto","background-attachment":"scroll","background-type":"","background-media":"","overlay-type":"","overlay-color":"","overlay-opacity":"","overlay-gradient":""},"mobile":{"background-color":"var(--ast-global-color-5)","background-image":"","background-repeat":"repeat","background-position":"center center","background-size":"auto","background-attachment":"scroll","background-type":"","background-media":"","overlay-type":"","overlay-color":"","overlay-opacity":"","overlay-gradient":""}},"footnotes":""},"class_list":["post-8154","page","type-page","status-publish","has-post-thumbnail","hentry"],"_links":{"self":[{"href":"https:\/\/sooma.ca\/fr\/wp-json\/wp\/v2\/pages\/8154","targetHints":{"allow":["GET"]}}],"collection":[{"href":"https:\/\/sooma.ca\/fr\/wp-json\/wp\/v2\/pages"}],"about":[{"href":"https:\/\/sooma.ca\/fr\/wp-json\/wp\/v2\/types\/page"}],"author":[{"embeddable":true,"href":"https:\/\/sooma.ca\/fr\/wp-json\/wp\/v2\/users\/1"}],"replies":[{"embeddable":true,"href":"https:\/\/sooma.ca\/fr\/wp-json\/wp\/v2\/comments?post=8154"}],"version-history":[{"count":5,"href":"https:\/\/sooma.ca\/fr\/wp-json\/wp\/v2\/pages\/8154\/revisions"}],"predecessor-version":[{"id":8163,"href":"https:\/\/sooma.ca\/fr\/wp-json\/wp\/v2\/pages\/8154\/revisions\/8163"}],"wp:featuredmedia":[{"embeddable":true,"href":"https:\/\/sooma.ca\/fr\/wp-json\/wp\/v2\/media\/7956"}],"wp:attachment":[{"href":"https:\/\/sooma.ca\/fr\/wp-json\/wp\/v2\/media?parent=8154"}],"curies":[{"name":"wp","href":"https:\/\/api.w.org\/{rel}","templated":true}]}}