{"id":8165,"date":"2025-08-08T16:47:38","date_gmt":"2025-08-08T20:47:38","guid":{"rendered":"https:\/\/sooma.ca\/?page_id=8165"},"modified":"2025-08-08T16:49:51","modified_gmt":"2025-08-08T20:49:51","slug":"politique-sur-les-cookies","status":"publish","type":"page","link":"https:\/\/sooma.ca\/fr\/politique-sur-les-cookies\/","title":{"rendered":"Politique sur les cookies"},"content":{"rendered":"\t\t<div data-elementor-type=\"wp-page\" data-elementor-id=\"8165\" class=\"elementor elementor-8165 elementor-8164\" data-elementor-post-type=\"page\">\n\t\t\t\t<div class=\"elementor-element elementor-element-6e724c4e e-flex e-con-boxed e-con e-parent\" data-id=\"6e724c4e\" data-element_type=\"container\" data-e-type=\"container\" data-settings=\"{&quot;background_background&quot;:&quot;classic&quot;}\">\n\t\t\t\t\t<div class=\"e-con-inner\">\n\t\t<div class=\"elementor-element elementor-element-38cf1fce e-con-full e-flex e-con e-child\" data-id=\"38cf1fce\" data-element_type=\"container\" data-e-type=\"container\">\n\t\t\t\t<div class=\"elementor-element elementor-element-22451561 elementor-invisible elementor-widget elementor-widget-heading\" data-id=\"22451561\" data-element_type=\"widget\" data-e-type=\"widget\" data-settings=\"{&quot;_animation&quot;:&quot;fadeIn&quot;,&quot;_animation_delay&quot;:&quot;200&quot;}\" data-widget_type=\"heading.default\">\n\t\t\t\t<div class=\"elementor-widget-container\">\n\t\t\t\t\t<h1 class=\"elementor-heading-title elementor-size-default\">Politique sur les cookies<\/h1>\t\t\t\t<\/div>\n\t\t\t\t<\/div>\n\t\t\t\t<div class=\"elementor-element elementor-element-188b8710 elementor-mobile-align-center elementor-widget elementor-widget-button\" data-id=\"188b8710\" data-element_type=\"widget\" data-e-type=\"widget\" data-widget_type=\"button.default\">\n\t\t\t\t<div class=\"elementor-widget-container\">\n\t\t\t\t\t\t\t\t\t<div class=\"elementor-button-wrapper\">\n\t\t\t\t\t<a class=\"elementor-button elementor-button-link elementor-size-sm\" href=\"https:\/\/sooma.ca\/fr\/nous-joindre\/\">\n\t\t\t\t\t\t<span class=\"elementor-button-content-wrapper\">\n\t\t\t\t\t\t\t\t\t<span class=\"elementor-button-text\">Contactez-Nous<\/span>\n\t\t\t\t\t<\/span>\n\t\t\t\t\t<\/a>\n\t\t\t\t<\/div>\n\t\t\t\t\t\t\t\t<\/div>\n\t\t\t\t<\/div>\n\t\t\t\t<\/div>\n\t\t<div class=\"elementor-element elementor-element-5c40a06 e-con-full e-flex e-con e-child\" data-id=\"5c40a06\" data-element_type=\"container\" data-e-type=\"container\">\n\t\t\t\t<\/div>\n\t\t\t\t\t<\/div>\n\t\t\t\t<\/div>\n\t\t<div class=\"elementor-element elementor-element-6135955b e-flex e-con-boxed e-con e-parent\" data-id=\"6135955b\" data-element_type=\"container\" data-e-type=\"container\" data-settings=\"{&quot;background_background&quot;:&quot;classic&quot;}\">\n\t\t\t\t\t<div class=\"e-con-inner\">\n\t\t<div class=\"elementor-element elementor-element-7891779 e-con-full e-flex e-con e-child\" data-id=\"7891779\" data-element_type=\"container\" data-e-type=\"container\">\n\t\t<div class=\"elementor-element elementor-element-4e0f58c9 e-flex e-con-boxed e-con e-child\" data-id=\"4e0f58c9\" data-element_type=\"container\" data-e-type=\"container\">\n\t\t\t\t\t<div class=\"e-con-inner\">\n\t\t<div class=\"elementor-element elementor-element-33c61ec1 e-con-full e-flex e-con e-child\" data-id=\"33c61ec1\" data-element_type=\"container\" data-e-type=\"container\">\n\t\t\t\t<div class=\"elementor-element elementor-element-59b271ac elementor-widget elementor-widget-text-editor\" data-id=\"59b271ac\" data-element_type=\"widget\" data-e-type=\"widget\" data-widget_type=\"text-editor.default\">\n\t\t\t\t<div class=\"elementor-widget-container\">\n\t\t\t\t\t\t\t\t\t<div class=\"wpb_text_column wpb_content_element \"><div class=\"wpb_wrapper\"><div class=\"wpb_text_column wpb_content_element \"><div class=\"wpb_wrapper\"><article class=\"text-token-text-primary w-full\" dir=\"auto\" data-testid=\"conversation-turn-68\" data-scroll-anchor=\"true\"><div class=\"text-base my-auto mx-auto py-5 [--thread-content-margin:--spacing(4)] @[37rem]:[--thread-content-margin:--spacing(6)] @[72rem]:[--thread-content-margin:--spacing(16)] px-(--thread-content-margin)\"><div class=\"[--thread-content-max-width:32rem] @[34rem]:[--thread-content-max-width:40rem] @[64rem]:[--thread-content-max-width:48rem] mx-auto flex max-w-(--thread-content-max-width) flex-1 text-base gap-4 md:gap-5 lg:gap-6 group\/turn-messages focus-visible:outline-hidden\" tabindex=\"-1\"><div class=\"group\/conversation-turn relative flex w-full min-w-0 flex-col agent-turn\"><div class=\"relative flex-col gap-1 md:gap-3\"><div class=\"flex max-w-full flex-col grow\"><div class=\"min-h-8 text-message relative flex w-full flex-col items-end gap-2 text-start break-words whitespace-normal [.text-message+&amp;]:mt-5\" dir=\"auto\" data-message-author-role=\"assistant\" data-message-id=\"1a4fc33b-8330-4908-abde-4c914922834f\" data-message-model-slug=\"gpt-4o\"><div class=\"flex w-full flex-col gap-1 empty:hidden first:pt-[3px]\"><div class=\"markdown prose dark:prose-invert w-full break-words light\"><p data-start=\"1818\" data-end=\"1920\">Derni\u00e8re mise \u00e0 jour : 8 ao\u00fbt 2025<\/p><p data-start=\"1922\" data-end=\"2289\">S\u00f6\u00f6ma Nutrition (\u00ab nous \u00bb, \u00ab notre \u00bb, \u00ab nos \u00bb) utilise des t\u00e9moins (\u00ab cookies \u00bb) et des technologies similaires sur son site web sooma.ca pour am\u00e9liorer votre exp\u00e9rience de navigation, analyser le trafic du site et offrir du contenu personnalis\u00e9. En continuant d\u2019utiliser notre site, vous acceptez notre utilisation des t\u00e9moins conform\u00e9ment \u00e0 la pr\u00e9sente politique.<\/p><ol data-start=\"2291\" data-end=\"2539\"><li data-start=\"2291\" data-end=\"2497\"><p data-start=\"2294\" data-end=\"2497\">Qu\u2019est-ce qu\u2019un t\u00e9moin<br data-start=\"2316\" data-end=\"2319\" \/>Un t\u00e9moin est un petit fichier texte stock\u00e9 sur votre appareil lorsque vous visitez un site web. Il permet au site de se souvenir de vos actions et pr\u00e9f\u00e9rences au fil du temps.<\/p><\/li><li data-start=\"2499\" data-end=\"2539\"><p data-start=\"2502\" data-end=\"2539\">Types de t\u00e9moins que nous utilisons<\/p><\/li><\/ol><ul data-start=\"2540\" data-end=\"3092\"><li data-start=\"2540\" data-end=\"2651\"><p data-start=\"2542\" data-end=\"2651\">T\u00e9moins essentiels : N\u00e9cessaires au bon fonctionnement du site (ex. s\u00e9curit\u00e9, navigation, panier d\u2019achats).<\/p><\/li><li data-start=\"2652\" data-end=\"2814\"><p data-start=\"2654\" data-end=\"2814\">T\u00e9moins de performance : Recueillent des informations sur la fa\u00e7on dont les visiteurs utilisent notre site afin de nous aider \u00e0 am\u00e9liorer ses fonctionnalit\u00e9s.<\/p><\/li><li data-start=\"2815\" data-end=\"2927\"><p data-start=\"2817\" data-end=\"2927\">T\u00e9moins de fonctionnalit\u00e9 : M\u00e9morisent vos pr\u00e9f\u00e9rences et param\u00e8tres pour une exp\u00e9rience plus personnalis\u00e9e.<\/p><\/li><li data-start=\"2928\" data-end=\"3092\"><p data-start=\"2930\" data-end=\"3092\">T\u00e9moins publicitaires et analytiques : Suivent vos habitudes de navigation afin de diffuser des publicit\u00e9s pertinentes et de mesurer l\u2019efficacit\u00e9 des campagnes.<\/p><\/li><\/ul><ol start=\"3\" data-start=\"3094\" data-end=\"3850\"><li data-start=\"3094\" data-end=\"3301\"><p data-start=\"3097\" data-end=\"3301\">T\u00e9moins de tiers<br data-start=\"3113\" data-end=\"3116\" \/>Nous pouvons autoriser des partenaires tiers de confiance, tels que des fournisseurs d\u2019analyses et de publicit\u00e9, \u00e0 placer des t\u00e9moins sur votre appareil afin d\u2019am\u00e9liorer nos services.<\/p><\/li><li data-start=\"3303\" data-end=\"3500\"><p data-start=\"3306\" data-end=\"3500\">Gestion des t\u00e9moins<br data-start=\"3325\" data-end=\"3328\" \/>Vous pouvez contr\u00f4ler ou supprimer les t\u00e9moins dans les param\u00e8tres de votre navigateur. La d\u00e9sactivation des t\u00e9moins peut limiter certaines fonctionnalit\u00e9s de notre site.<\/p><\/li><li data-start=\"3502\" data-end=\"3705\"><p data-start=\"3505\" data-end=\"3705\">Modifications de cette politique<br data-start=\"3537\" data-end=\"3540\" \/>Nous pouvons mettre \u00e0 jour la pr\u00e9sente politique relative aux t\u00e9moins de temps \u00e0 autre. Les modifications seront publi\u00e9es sur cette page avec une date mise \u00e0 jour.<\/p><\/li><li data-start=\"3707\" data-end=\"3850\"><p data-start=\"3710\" data-end=\"3850\">Nous contacter<br data-start=\"3724\" data-end=\"3727\" \/>Pour toute question concernant cette politique relative aux t\u00e9moins, veuillez nous contacter :<br data-start=\"3821\" data-end=\"3824\" \/>Courriel : <a class=\"cursor-pointer\" rel=\"noopener\" data-start=\"3835\" data-end=\"3848\">info@sooma.ca<\/a><\/p><\/li><\/ol><\/div><\/div><\/div><\/div><\/div><\/div><\/div><\/div><\/article><\/div><\/div><\/div><\/div>\t\t\t\t\t\t\t\t<\/div>\n\t\t\t\t<\/div>\n\t\t\t\t<\/div>\n\t\t\t\t\t<\/div>\n\t\t\t\t<\/div>\n\t\t\t\t<\/div>\n\t\t\t\t\t<\/div>\n\t\t\t\t<\/div>\n\t\t\t\t<\/div>\n\t\t","protected":false},"excerpt":{"rendered":"<p>Politique sur les cookies Contactez-Nous Derni\u00e8re mise \u00e0 jour : 8 ao\u00fbt 2025 S\u00f6\u00f6ma Nutrition (\u00ab nous \u00bb, \u00ab notre \u00bb, \u00ab nos \u00bb) utilise des t\u00e9moins (\u00ab cookies \u00bb) et des technologies similaires sur son site web sooma.ca pour am\u00e9liorer votre exp\u00e9rience de navigation, analyser le trafic du site et offrir du contenu personnalis\u00e9. [&hellip;]<\/p>\n","protected":false},"author":1,"featured_media":7956,"parent":0,"menu_order":0,"comment_status":"closed","ping_status":"open","template":"","meta":{"site-sidebar-layout":"no-sidebar","site-content-layout":"page-builder","ast-site-content-layout":"full-width-container","site-content-style":"unboxed","site-sidebar-style":"unboxed","ast-global-header-display":"","ast-banner-title-visibility":"","ast-main-header-display":"","ast-hfb-above-header-display":"","ast-hfb-below-header-display":"","ast-hfb-mobile-header-display":"","site-post-title":"disabled","ast-breadcrumbs-content":"","ast-featured-img":"disabled","footer-sml-layout":"","ast-disable-related-posts":"","theme-transparent-header-meta":"default","adv-header-id-meta":"","stick-header-meta":"","header-above-stick-meta":"","header-main-stick-meta":"","header-below-stick-meta":"","astra-migrate-meta-layouts":"set","ast-page-background-enabled":"default","ast-page-background-meta":{"desktop":{"background-color":"","background-image":"","background-repeat":"repeat","background-position":"center center","background-size":"auto","background-attachment":"scroll","background-type":"","background-media":"","overlay-type":"","overlay-color":"","overlay-opacity":"","overlay-gradient":""},"tablet":{"background-color":"","background-image":"","background-repeat":"repeat","background-position":"center center","background-size":"auto","background-attachment":"scroll","background-type":"","background-media":"","overlay-type":"","overlay-color":"","overlay-opacity":"","overlay-gradient":""},"mobile":{"background-color":"","background-image":"","background-repeat":"repeat","background-position":"center center","background-size":"auto","background-attachment":"scroll","background-type":"","background-media":"","overlay-type":"","overlay-color":"","overlay-opacity":"","overlay-gradient":""}},"ast-content-background-meta":{"desktop":{"background-color":"var(--ast-global-color-5)","background-image":"","background-repeat":"repeat","background-position":"center center","background-size":"auto","background-attachment":"scroll","background-type":"","background-media":"","overlay-type":"","overlay-color":"","overlay-opacity":"","overlay-gradient":""},"tablet":{"background-color":"var(--ast-global-color-5)","background-image":"","background-repeat":"repeat","background-position":"center center","background-size":"auto","background-attachment":"scroll","background-type":"","background-media":"","overlay-type":"","overlay-color":"","overlay-opacity":"","overlay-gradient":""},"mobile":{"background-color":"var(--ast-global-color-5)","background-image":"","background-repeat":"repeat","background-position":"center center","background-size":"auto","background-attachment":"scroll","background-type":"","background-media":"","overlay-type":"","overlay-color":"","overlay-opacity":"","overlay-gradient":""}},"footnotes":""},"class_list":["post-8165","page","type-page","status-publish","has-post-thumbnail","hentry"],"_links":{"self":[{"href":"https:\/\/sooma.ca\/fr\/wp-json\/wp\/v2\/pages\/8165","targetHints":{"allow":["GET"]}}],"collection":[{"href":"https:\/\/sooma.ca\/fr\/wp-json\/wp\/v2\/pages"}],"about":[{"href":"https:\/\/sooma.ca\/fr\/wp-json\/wp\/v2\/types\/page"}],"author":[{"embeddable":true,"href":"https:\/\/sooma.ca\/fr\/wp-json\/wp\/v2\/users\/1"}],"replies":[{"embeddable":true,"href":"https:\/\/sooma.ca\/fr\/wp-json\/wp\/v2\/comments?post=8165"}],"version-history":[{"count":5,"href":"https:\/\/sooma.ca\/fr\/wp-json\/wp\/v2\/pages\/8165\/revisions"}],"predecessor-version":[{"id":8174,"href":"https:\/\/sooma.ca\/fr\/wp-json\/wp\/v2\/pages\/8165\/revisions\/8174"}],"wp:featuredmedia":[{"embeddable":true,"href":"https:\/\/sooma.ca\/fr\/wp-json\/wp\/v2\/media\/7956"}],"wp:attachment":[{"href":"https:\/\/sooma.ca\/fr\/wp-json\/wp\/v2\/media?parent=8165"}],"curies":[{"name":"wp","href":"https:\/\/api.w.org\/{rel}","templated":true}]}}